{"id":33,"date":"2024-10-09T20:24:16","date_gmt":"2024-10-09T20:24:16","guid":{"rendered":"https:\/\/dumont-design.com\/fr\/?page_id=33"},"modified":"2025-04-10T21:12:39","modified_gmt":"2025-04-10T21:12:39","slug":"accueil","status":"publish","type":"page","link":"https:\/\/dumont-design.com\/fr\/","title":{"rendered":"Accueil"},"content":{"rendered":"<p>[et_pb_section fb_built=\u00a0\u00bb1&Prime; _builder_version=\u00a0\u00bb4.27.2&Prime; _module_preset=\u00a0\u00bbdefault\u00a0\u00bb custom_margin=\u00a0\u00bb-584px||||false|false\u00a0\u00bb custom_padding=\u00a0\u00bb12%||12%||true|false\u00a0\u00bb global_colors_info=\u00a0\u00bb{}\u00a0\u00bb][\/et_pb_section][et_pb_section fb_built=\u00a0\u00bb1&Prime; fullwidth=\u00a0\u00bbon\u00a0\u00bb theme_builder_area=\u00a0\u00bbpost_content\u00a0\u00bb _builder_version=\u00a0\u00bb4.27.2&Prime; _module_preset=\u00a0\u00bbdefault\u00a0\u00bb custom_margin=\u00a0\u00bb24px||||false|false\u00a0\u00bb hover_enabled=\u00a0\u00bb0&Prime; sticky_enabled=\u00a0\u00bb0&Prime; module_alignment_last_edited=\u00a0\u00bbon|desktop\u00a0\u00bb][et_pb_fullwidth_image _builder_version=\u00a0\u00bb4.27.2&Prime; _module_preset=\u00a0\u00bbdefault\u00a0\u00bb theme_builder_area=\u00a0\u00bbpost_content\u00a0\u00bb hover_enabled=\u00a0\u00bb0&Prime; sticky_enabled=\u00a0\u00bb0&Prime; title_text=\u00a0\u00bbimage-accuiel5WEB\u00a0\u00bb src=\u00a0\u00bbhttps:\/\/dumont-design.com\/fr\/wp-content\/uploads\/2025\/03\/image-accuiel5WEB.webp\u00a0\u00bb][\/et_pb_fullwidth_image][\/et_pb_section][et_pb_section fb_built=\u00a0\u00bb1&Prime; _builder_version=\u00a0\u00bb4.27.2&Prime; _module_preset=\u00a0\u00bbdefault\u00a0\u00bb custom_padding=\u00a0\u00bb34px|||||\u00a0\u00bb global_colors_info=\u00a0\u00bb{}\u00a0\u00bb][et_pb_row column_structure=\u00a0\u00bb2_3,1_3&Prime; _builder_version=\u00a0\u00bb4.27.2&Prime; _module_preset=\u00a0\u00bbdefault\u00a0\u00bb global_colors_info=\u00a0\u00bb{}\u00a0\u00bb][et_pb_column type=\u00a0\u00bb2_3&Prime; _builder_version=\u00a0\u00bb4.27.2&Prime; _module_preset=\u00a0\u00bbdefault\u00a0\u00bb global_colors_info=\u00a0\u00bb{}\u00a0\u00bb][et_pb_text _builder_version=\u00a0\u00bb4.27.2&Prime; _module_preset=\u00a0\u00bbdefault\u00a0\u00bb text_font=\u00a0\u00bb||on|on|||||\u00a0\u00bb text_text_color=\u00a0\u00bb#000000&Prime; global_colors_info=\u00a0\u00bb{}\u00a0\u00bb]<\/p>\n<h2 style=\"text-align: left;\">Sp\u00e9cialistes en r\u00e9novation int\u00e9rieure<\/h2>\n<p>[\/et_pb_text][et_pb_text _builder_version=\u00a0\u00bb4.27.2&Prime; _module_preset=\u00a0\u00bbdefault\u00a0\u00bb global_colors_info=\u00a0\u00bb{}\u00a0\u00bb]<\/p>\n<p>Un bon designer n&rsquo;impose pas ses id\u00e9es, il travaille en \u00e9quipe avec le client. Il s&rsquo;amuse avec les styles, innove et partage son expertise, permettant ainsi la concr\u00e9tisation des plus grands r\u00eaves.<\/p>\n<p>[\/et_pb_text][et_pb_text _builder_version=\u00a0\u00bb4.27.2&Prime; _module_preset=\u00a0\u00bbdefault\u00a0\u00bb global_colors_info=\u00a0\u00bb{}\u00a0\u00bb]<\/p>\n<p>Laissez-nous transformer votre r\u00eave en r\u00e9alit\u00e9&#8230;<\/p>\n<p>&nbsp;<\/p>\n<h2><strong>COMPLICE DE VOTRE D\u00c9COR DEPUIS 1994!<\/strong><\/h2>\n<p>[\/et_pb_text][\/et_pb_column][et_pb_column type=\u00a0\u00bb1_3&Prime; _builder_version=\u00a0\u00bb4.27.2&Prime; _module_preset=\u00a0\u00bbdefault\u00a0\u00bb global_colors_info=\u00a0\u00bb{}\u00a0\u00bb][\/et_pb_column][\/et_pb_row][\/et_pb_section]<\/p>\n","protected":false},"excerpt":{"rendered":"<p>Sp\u00e9cialistes en r\u00e9novation int\u00e9rieureUn bon designer n&rsquo;impose pas ses id\u00e9es, il travaille en \u00e9quipe avec le client. Il s&rsquo;amuse avec les styles, innove et partage son expertise, permettant ainsi la concr\u00e9tisation des plus grands r\u00eaves.Laissez-nous transformer votre r\u00eave en r\u00e9alit\u00e9&#8230; &nbsp; COMPLICE DE VOTRE D\u00c9COR DEPUIS 1994!<\/p>\n","protected":false},"author":1,"featured_media":0,"parent":0,"menu_order":0,"comment_status":"closed","ping_status":"closed","template":"","meta":{"_et_pb_use_builder":"on","_et_pb_old_content":"","_et_gb_content_width":"","footnotes":""},"class_list":["post-33","page","type-page","status-publish","hentry"],"_links":{"self":[{"href":"https:\/\/dumont-design.com\/fr\/wp-json\/wp\/v2\/pages\/33","targetHints":{"allow":["GET"]}}],"collection":[{"href":"https:\/\/dumont-design.com\/fr\/wp-json\/wp\/v2\/pages"}],"about":[{"href":"https:\/\/dumont-design.com\/fr\/wp-json\/wp\/v2\/types\/page"}],"author":[{"embeddable":true,"href":"https:\/\/dumont-design.com\/fr\/wp-json\/wp\/v2\/users\/1"}],"replies":[{"embeddable":true,"href":"https:\/\/dumont-design.com\/fr\/wp-json\/wp\/v2\/comments?post=33"}],"version-history":[{"count":63,"href":"https:\/\/dumont-design.com\/fr\/wp-json\/wp\/v2\/pages\/33\/revisions"}],"predecessor-version":[{"id":1726,"href":"https:\/\/dumont-design.com\/fr\/wp-json\/wp\/v2\/pages\/33\/revisions\/1726"}],"wp:attachment":[{"href":"https:\/\/dumont-design.com\/fr\/wp-json\/wp\/v2\/media?parent=33"}],"curies":[{"name":"wp","href":"https:\/\/api.w.org\/{rel}","templated":true}]}}